{"id":574,"date":"2024-05-27T18:29:56","date_gmt":"2024-05-27T18:29:56","guid":{"rendered":"https:\/\/2biocirculo2024.inkrementaldev.co\/?page_id=574"},"modified":"2026-01-19T15:57:01","modified_gmt":"2026-01-19T20:57:01","slug":"contactenos","status":"publish","type":"page","link":"https:\/\/biocirculo.com\/en\/contactenos\/","title":{"rendered":"Contact Us"},"content":{"rendered":"<div data-elementor-type=\"wp-page\" data-elementor-id=\"574\" class=\"elementor elementor-574\" data-elementor-post-type=\"page\">\n\t\t\t\t<div class=\"elementor-element elementor-element-41e0c5f e-flex e-con-boxed e-con e-parent\" data-id=\"41e0c5f\" data-element_type=\"container\" data-e-type=\"container\" data-settings=\"{&quot;jet_parallax_layout_list&quot;:[],&quot;background_background&quot;:&quot;classic&quot;}\">\n\t\t\t\t\t<div class=\"e-con-inner\">\n\t\t<div class=\"elementor-element elementor-element-c976f87 e-con-full e-flex e-con e-child\" data-id=\"c976f87\" data-element_type=\"container\" data-e-type=\"container\" data-settings=\"{&quot;jet_parallax_layout_list&quot;:[]}\">\n\t\t\t\t<div class=\"elementor-element elementor-element-cac45d5 elementor-widget elementor-widget-heading\" data-id=\"cac45d5\" data-element_type=\"widget\" data-e-type=\"widget\" data-widget_type=\"heading.default\">\n\t\t\t\t<div class=\"elementor-widget-container\">\n\t\t\t\t\t<h2 class=\"elementor-heading-title elementor-size-default\">Contact us <\/h2>\t\t\t\t<\/div>\n\t\t\t\t<\/div>\n\t\t\t\t<div class=\"elementor-element elementor-element-2a9baab elementor-button-align-stretch elementor-widget elementor-widget-form\" data-id=\"2a9baab\" data-element_type=\"widget\" data-e-type=\"widget\" data-settings=\"{&quot;button_width&quot;:&quot;33&quot;,&quot;step_next_label&quot;:&quot;Siguiente&quot;,&quot;step_previous_label&quot;:&quot;Anterior&quot;,&quot;step_type&quot;:&quot;number_text&quot;,&quot;step_icon_shape&quot;:&quot;circle&quot;}\" data-widget_type=\"form.default\">\n\t\t\t\t<div class=\"elementor-widget-container\">\n\t\t\t\t\t\t\t<form class=\"elementor-form\" method=\"post\" name=\"Nuevo formulario\" aria-label=\"Nuevo formulario\" action=\"\">\n\t\t\t<input type=\"hidden\" name=\"post_id\" value=\"574\"\/>\n\t\t\t<input type=\"hidden\" name=\"form_id\" value=\"2a9baab\"\/>\n\t\t\t<input type=\"hidden\" name=\"referer_title\" value=\"Cont\u00e1ctenos - Biocirculo\" \/>\n\n\t\t\t\t\t\t\t<input type=\"hidden\" name=\"queried_id\" value=\"574\"\/>\n\t\t\t\n\t\t\t<div class=\"elementor-form-fields-wrapper elementor-labels-above\">\n\t\t\t\t\t\t\t\t<div class=\"elementor-field-type-text elementor-field-group elementor-column elementor-field-group-name elementor-col-100\">\n\t\t\t\t\t\t\t\t\t\t\t\t<label for=\"form-field-name\" class=\"elementor-field-label\">\n\t\t\t\t\t\t\t\tName\t\t\t\t\t\t\t<\/label>\n\t\t\t\t\t\t\t\t\t\t\t\t\t\t<input size=\"1\" type=\"text\" name=\"form_fields[name]\" id=\"form-field-name\" class=\"elementor-field elementor-size-lg  elementor-field-textual\">\n\t\t\t\t\t\t\t\t\t\t\t<\/div>\n\t\t\t\t\t\t\t\t<div class=\"elementor-field-type-email elementor-field-group elementor-column elementor-field-group-email elementor-col-100 elementor-field-required\">\n\t\t\t\t\t\t\t\t\t\t\t\t<label for=\"form-field-email\" class=\"elementor-field-label\">\n\t\t\t\t\t\t\t\tEmail\t\t\t\t\t\t\t<\/label>\n\t\t\t\t\t\t\t\t\t\t\t\t\t\t<input size=\"1\" type=\"email\" name=\"form_fields[email]\" id=\"form-field-email\" class=\"elementor-field elementor-size-lg  elementor-field-textual\" required=\"required\">\n\t\t\t\t\t\t\t\t\t\t\t<\/div>\n\t\t\t\t\t\t\t\t<div class=\"elementor-field-type-textarea elementor-field-group elementor-column elementor-field-group-message elementor-col-100\">\n\t\t\t\t\t\t\t\t\t\t\t\t<label for=\"form-field-message\" class=\"elementor-field-label\">\n\t\t\t\t\t\t\t\tMessage\t\t\t\t\t\t\t<\/label>\n\t\t\t\t\t\t<textarea class=\"elementor-field-textual elementor-field  elementor-size-lg\" name=\"form_fields[message]\" id=\"form-field-message\" rows=\"4\"><\/textarea>\t\t\t\t<\/div>\n\t\t\t\t\t\t\t\t<div class=\"elementor-field-group elementor-column elementor-field-type-submit elementor-col-33 e-form__buttons\">\n\t\t\t\t\t<button class=\"elementor-button elementor-size-md\" type=\"submit\">\n\t\t\t\t\t\t<span class=\"elementor-button-content-wrapper\">\n\t\t\t\t\t\t\t\t\t\t\t\t\t\t\t\t\t\t\t\t\t\t<span class=\"elementor-button-text\">Enviar<\/span>\n\t\t\t\t\t\t\t\t\t\t\t\t\t<\/span>\n\t\t\t\t\t<\/button>\n\t\t\t\t<\/div>\n\t\t\t<\/div>\n\t\t<input type=\"hidden\" name=\"trp-form-language\" value=\"en\"\/><\/form>\n\t\t\t\t\t\t<\/div>\n\t\t\t\t<\/div>\n\t\t\t\t<div class=\"elementor-element elementor-element-58abb4e elementor-widget elementor-widget-text-editor\" data-id=\"58abb4e\" data-element_type=\"widget\" data-e-type=\"widget\" data-widget_type=\"text-editor.default\">\n\t\t\t\t<div class=\"elementor-widget-container\">\n\t\t\t\t\t\t\t\t\t<p><strong>Phone:<\/strong> (+57) 317 431 43 44<br \/><strong>Email:<\/strong> contacto@biocirculo.com<br \/><strong>Address:<\/strong> Diagonal 16 # 115 &#8211; 25 Bogot\u00e1, <br \/>Colombia<\/p><p><strong>Compra de PEAD, PP y PET (bodegas):<\/strong>\u00a0materiasprimas@biocirculo.com<br \/>(+57) 316 521 75 77<\/p><p><strong>\u00c1rea comercial:<\/strong>\u00a0comercial@biocirculo.com<br \/>(+57) 318 813 28 17<\/p><p><strong>Sostenibilidad: <\/strong>analista.sostenibilidad@biocirculo.com<br \/>(+57) 317 431 43 44<\/p><p><strong>Talento humano:<\/strong>\u00a0talentohumano@biocirculo.com<br \/>(+57) 315 279 91 45<\/p>\t\t\t\t\t\t\t\t<\/div>\n\t\t\t\t<\/div>\n\t\t\t\t<div class=\"elementor-element elementor-element-5e9b15d elementor-widget elementor-widget-button\" data-id=\"5e9b15d\" data-element_type=\"widget\" data-e-type=\"widget\" data-widget_type=\"button.default\">\n\t\t\t\t<div class=\"elementor-widget-container\">\n\t\t\t\t\t\t\t\t\t<div class=\"elementor-button-wrapper\">\n\t\t\t\t\t<a class=\"elementor-button elementor-button-link elementor-size-sm\" href=\"#elementor-action%3Aaction%3Dpopup%3Aopen%26settings%3DeyJpZCI6IjI0NDIiLCJ0b2dnbGUiOmZhbHNlfQ%3D%3D\">\n\t\t\t\t\t\t<span class=\"elementor-button-content-wrapper\">\n\t\t\t\t\t\t\t\t\t<span class=\"elementor-button-text\">Haz clic aqu\u00ed<\/span>\n\t\t\t\t\t<\/span>\n\t\t\t\t\t<\/a>\n\t\t\t\t<\/div>\n\t\t\t\t\t\t\t\t<\/div>\n\t\t\t\t<\/div>\n\t\t\t\t<\/div>\n\t\t<div class=\"elementor-element elementor-element-7042066 e-con-full e-flex e-con e-child\" data-id=\"7042066\" data-element_type=\"container\" data-e-type=\"container\" data-settings=\"{&quot;jet_parallax_layout_list&quot;:[]}\">\n\t\t\t\t<div class=\"elementor-element elementor-element-8a8daf9 elementor-invisible elementor-widget elementor-widget-image\" data-id=\"8a8daf9\" data-element_type=\"widget\" data-e-type=\"widget\" data-settings=\"{&quot;_animation&quot;:&quot;fadeInDown&quot;}\" data-widget_type=\"image.default\">\n\t\t\t\t<div class=\"elementor-widget-container\">\n\t\t\t\t\t\t\t\t\t\t\t\t\t\t\t<img fetchpriority=\"high\" decoding=\"async\" width=\"800\" height=\"800\" src=\"https:\/\/biocirculo.com\/wp-content\/uploads\/2024\/06\/30-scaled-e1718107052599-1024x1024.jpg\" class=\"attachment-large size-large wp-image-1002\" alt=\"\" srcset=\"https:\/\/biocirculo.com\/wp-content\/uploads\/2024\/06\/30-scaled-e1718107052599-1024x1024.jpg 1024w, https:\/\/biocirculo.com\/wp-content\/uploads\/2024\/06\/30-scaled-e1718107052599-300x300.jpg 300w, https:\/\/biocirculo.com\/wp-content\/uploads\/2024\/06\/30-scaled-e1718107052599-100x100.jpg 100w, https:\/\/biocirculo.com\/wp-content\/uploads\/2024\/06\/30-scaled-e1718107052599-600x600.jpg 600w, https:\/\/biocirculo.com\/wp-content\/uploads\/2024\/06\/30-scaled-e1718107052599-150x150.jpg 150w, https:\/\/biocirculo.com\/wp-content\/uploads\/2024\/06\/30-scaled-e1718107052599-768x768.jpg 768w, https:\/\/biocirculo.com\/wp-content\/uploads\/2024\/06\/30-scaled-e1718107052599-1536x1536.jpg 1536w, https:\/\/biocirculo.com\/wp-content\/uploads\/2024\/06\/30-scaled-e1718107052599.jpg 1706w\" sizes=\"(max-width: 800px) 100vw, 800px\" \/>\t\t\t\t\t\t\t\t\t\t\t\t\t\t\t<\/div>\n\t\t\t\t<\/div>\n\t\t\t\t<div class=\"elementor-element elementor-element-20f9328 elementor-invisible elementor-widget elementor-widget-image\" data-id=\"20f9328\" data-element_type=\"widget\" data-e-type=\"widget\" data-settings=\"{&quot;_animation&quot;:&quot;fadeInRight&quot;,&quot;_animation_delay&quot;:750}\" data-widget_type=\"image.default\">\n\t\t\t\t<div class=\"elementor-widget-container\">\n\t\t\t\t\t\t\t\t\t\t\t\t\t\t\t<img decoding=\"async\" width=\"800\" height=\"800\" src=\"https:\/\/biocirculo.com\/wp-content\/uploads\/2024\/06\/31-scaled-e1718107116951-1024x1024.jpg\" class=\"attachment-large size-large wp-image-1003\" alt=\"\" srcset=\"https:\/\/biocirculo.com\/wp-content\/uploads\/2024\/06\/31-scaled-e1718107116951-1024x1024.jpg 1024w, https:\/\/biocirculo.com\/wp-content\/uploads\/2024\/06\/31-scaled-e1718107116951-300x300.jpg 300w, https:\/\/biocirculo.com\/wp-content\/uploads\/2024\/06\/31-scaled-e1718107116951-100x100.jpg 100w, https:\/\/biocirculo.com\/wp-content\/uploads\/2024\/06\/31-scaled-e1718107116951-600x600.jpg 600w, https:\/\/biocirculo.com\/wp-content\/uploads\/2024\/06\/31-scaled-e1718107116951-150x150.jpg 150w, https:\/\/biocirculo.com\/wp-content\/uploads\/2024\/06\/31-scaled-e1718107116951-768x768.jpg 768w, https:\/\/biocirculo.com\/wp-content\/uploads\/2024\/06\/31-scaled-e1718107116951-1536x1536.jpg 1536w, https:\/\/biocirculo.com\/wp-content\/uploads\/2024\/06\/31-scaled-e1718107116951.jpg 1706w\" sizes=\"(max-width: 800px) 100vw, 800px\" \/>\t\t\t\t\t\t\t\t\t\t\t\t\t\t\t<\/div>\n\t\t\t\t<\/div>\n\t\t\t\t<div class=\"elementor-element elementor-element-dbdbbe2 elementor-invisible elementor-widget elementor-widget-image\" data-id=\"dbdbbe2\" data-element_type=\"widget\" data-e-type=\"widget\" data-settings=\"{&quot;_animation&quot;:&quot;fadeInRight&quot;,&quot;_animation_delay&quot;:1000}\" data-widget_type=\"image.default\">\n\t\t\t\t<div class=\"elementor-widget-container\">\n\t\t\t\t\t\t\t\t\t\t\t\t\t\t\t<img decoding=\"async\" width=\"800\" height=\"800\" src=\"https:\/\/biocirculo.com\/wp-content\/uploads\/2024\/05\/circle-light.svg\" class=\"attachment-large size-large wp-image-183\" alt=\"\" \/>\t\t\t\t\t\t\t\t\t\t\t\t\t\t\t<\/div>\n\t\t\t\t<\/div>\n\t\t\t\t<\/div>\n\t\t<div class=\"elementor-element elementor-element-002b01f e-con-full e-flex e-con e-child\" data-id=\"002b01f\" data-element_type=\"container\" data-e-type=\"container\" data-settings=\"{&quot;jet_parallax_layout_list&quot;:[]}\">\n\t\t\t\t<div class=\"elementor-element elementor-element-8e0a41e elementor-invisible elementor-widget elementor-widget-image\" data-id=\"8e0a41e\" data-element_type=\"widget\" data-e-type=\"widget\" data-settings=\"{&quot;_animation&quot;:&quot;fadeInLeft&quot;,&quot;_animation_delay&quot;:250}\" data-widget_type=\"image.default\">\n\t\t\t\t<div class=\"elementor-widget-container\">\n\t\t\t\t\t\t\t\t\t\t\t\t\t\t\t<img loading=\"lazy\" decoding=\"async\" width=\"800\" height=\"800\" src=\"https:\/\/biocirculo.com\/wp-content\/uploads\/2024\/05\/circle-green.svg\" class=\"attachment-large size-large wp-image-181\" alt=\"\" \/>\t\t\t\t\t\t\t\t\t\t\t\t\t\t\t<\/div>\n\t\t\t\t<\/div>\n\t\t\t\t<div class=\"elementor-element elementor-element-00d8f51 elementor-invisible elementor-widget elementor-widget-image\" data-id=\"00d8f51\" data-element_type=\"widget\" data-e-type=\"widget\" data-settings=\"{&quot;_animation&quot;:&quot;fadeInDown&quot;,&quot;_animation_delay&quot;:500}\" data-widget_type=\"image.default\">\n\t\t\t\t<div class=\"elementor-widget-container\">\n\t\t\t\t\t\t\t\t\t\t\t\t\t\t\t<img loading=\"lazy\" decoding=\"async\" width=\"1706\" height=\"1706\" src=\"https:\/\/biocirculo.com\/wp-content\/uploads\/2024\/06\/32-scaled-e1718107237592.jpg\" class=\"attachment-full size-full wp-image-1004\" alt=\"\" srcset=\"https:\/\/biocirculo.com\/wp-content\/uploads\/2024\/06\/32-scaled-e1718107237592.jpg 1706w, https:\/\/biocirculo.com\/wp-content\/uploads\/2024\/06\/32-scaled-e1718107237592-300x300.jpg 300w, https:\/\/biocirculo.com\/wp-content\/uploads\/2024\/06\/32-scaled-e1718107237592-100x100.jpg 100w, https:\/\/biocirculo.com\/wp-content\/uploads\/2024\/06\/32-scaled-e1718107237592-600x600.jpg 600w, https:\/\/biocirculo.com\/wp-content\/uploads\/2024\/06\/32-scaled-e1718107237592-1024x1024.jpg 1024w, https:\/\/biocirculo.com\/wp-content\/uploads\/2024\/06\/32-scaled-e1718107237592-150x150.jpg 150w, https:\/\/biocirculo.com\/wp-content\/uploads\/2024\/06\/32-scaled-e1718107237592-768x768.jpg 768w, https:\/\/biocirculo.com\/wp-content\/uploads\/2024\/06\/32-scaled-e1718107237592-1536x1536.jpg 1536w\" sizes=\"(max-width: 1706px) 100vw, 1706px\" \/>\t\t\t\t\t\t\t\t\t\t\t\t\t\t\t<\/div>\n\t\t\t\t<\/div>\n\t\t\t\t<div class=\"elementor-element elementor-element-7a5f218 elementor-invisible elementor-widget elementor-widget-image\" data-id=\"7a5f218\" data-element_type=\"widget\" data-e-type=\"widget\" data-settings=\"{&quot;_animation&quot;:&quot;fadeInDown&quot;,&quot;_animation_delay&quot;:750}\" data-widget_type=\"image.default\">\n\t\t\t\t<div class=\"elementor-widget-container\">\n\t\t\t\t\t\t\t\t\t\t\t\t\t\t\t<img loading=\"lazy\" decoding=\"async\" width=\"800\" height=\"800\" src=\"https:\/\/biocirculo.com\/wp-content\/uploads\/2024\/06\/33-scaled-e1718107333352-1024x1024.jpg\" class=\"attachment-large size-large wp-image-1005\" alt=\"\" srcset=\"https:\/\/biocirculo.com\/wp-content\/uploads\/2024\/06\/33-scaled-e1718107333352-1024x1024.jpg 1024w, https:\/\/biocirculo.com\/wp-content\/uploads\/2024\/06\/33-scaled-e1718107333352-300x300.jpg 300w, https:\/\/biocirculo.com\/wp-content\/uploads\/2024\/06\/33-scaled-e1718107333352-100x100.jpg 100w, https:\/\/biocirculo.com\/wp-content\/uploads\/2024\/06\/33-scaled-e1718107333352-600x600.jpg 600w, https:\/\/biocirculo.com\/wp-content\/uploads\/2024\/06\/33-scaled-e1718107333352-150x150.jpg 150w, https:\/\/biocirculo.com\/wp-content\/uploads\/2024\/06\/33-scaled-e1718107333352-768x768.jpg 768w, https:\/\/biocirculo.com\/wp-content\/uploads\/2024\/06\/33-scaled-e1718107333352-1536x1536.jpg 1536w, https:\/\/biocirculo.com\/wp-content\/uploads\/2024\/06\/33-scaled-e1718107333352.jpg 1706w\" sizes=\"(max-width: 800px) 100vw, 800px\" \/>\t\t\t\t\t\t\t\t\t\t\t\t\t\t\t<\/div>\n\t\t\t\t<\/div>\n\t\t\t\t<\/div>\n\t\t\t\t\t<\/div>\n\t\t\t\t<\/div>\n\t\t\t\t<\/div>","protected":false},"excerpt":{"rendered":"<p>Cont\u00e1ctanos Tel\u00e9fono: (+57) 317 431 43 44Email: contacto@biocirculo.comDirecci\u00f3n: Diagonal 16 # 115 &#8211; 25 Bogot\u00e1, Colombia Compra de PEAD, PP y PET (bodegas):\u00a0materiasprimas@biocirculo.com(+57) 316 521 75 77 \u00c1rea comercial:\u00a0comercial@biocirculo.com(+57) 318 813 28 17 Sostenibilidad: analista.sostenibilidad@biocirculo.com(+57) 317 431 43 44 Talento humano:\u00a0talentohumano@biocirculo.com(+57) 315 279 91 45 Haz clic aqu\u00ed<\/p>","protected":false},"author":1,"featured_media":0,"parent":0,"menu_order":0,"comment_status":"closed","ping_status":"closed","template":"","meta":{"_monsterinsights_skip_tracking":false,"_monsterinsights_sitenote_active":false,"_monsterinsights_sitenote_note":"","_monsterinsights_sitenote_category":0,"_uf_show_specific_survey":0,"_uf_disable_surveys":false,"footnotes":""},"class_list":["post-574","page","type-page","status-publish","hentry"],"yoast_head":"<!-- This site is optimized with the Yoast SEO plugin v27.2 - https:\/\/yoast.com\/product\/yoast-seo-wordpress\/ -->\n<title>Cont\u00e1ctenos - Biocirculo<\/title>\n<meta name=\"robots\" content=\"index, follow, max-snippet:-1, max-image-preview:large, max-video-preview:-1\" \/>\n<link rel=\"canonical\" href=\"https:\/\/biocirculo.com\/en\/contactenos\/\" \/>\n<meta property=\"og:locale\" content=\"en_US\" \/>\n<meta property=\"og:type\" content=\"article\" \/>\n<meta property=\"og:title\" content=\"Cont\u00e1ctenos - Biocirculo\" \/>\n<meta property=\"og:description\" content=\"Cont\u00e1ctanos Tel\u00e9fono: (+57) 317 431 43 44Email: contacto@biocirculo.comDirecci\u00f3n: Diagonal 16 # 115 &#8211; 25 Bogot\u00e1, Colombia Compra de PEAD, PP y PET (bodegas):\u00a0materiasprimas@biocirculo.com(+57) 316 521 75 77 \u00c1rea comercial:\u00a0comercial@biocirculo.com(+57) 318 813 28 17 Sostenibilidad: analista.sostenibilidad@biocirculo.com(+57) 317 431 43 44 Talento humano:\u00a0talentohumano@biocirculo.com(+57) 315 279 91 45 Haz clic aqu\u00ed\" \/>\n<meta property=\"og:url\" content=\"https:\/\/biocirculo.com\/en\/contactenos\/\" \/>\n<meta property=\"og:site_name\" content=\"Biocirculo\" \/>\n<meta property=\"article:publisher\" content=\"https:\/\/www.facebook.com\/biocirculo\" \/>\n<meta property=\"article:modified_time\" content=\"2026-01-19T20:57:01+00:00\" \/>\n<meta property=\"og:image\" content=\"https:\/\/biocirculo.com\/wp-content\/uploads\/2024\/06\/30-scaled-e1718107052599.jpg\" \/>\n\t<meta property=\"og:image:width\" content=\"1706\" \/>\n\t<meta property=\"og:image:height\" content=\"1706\" \/>\n\t<meta property=\"og:image:type\" content=\"image\/jpeg\" \/>\n<meta name=\"twitter:card\" content=\"summary_large_image\" \/>\n<meta name=\"twitter:label1\" content=\"Est. reading time\" \/>\n\t<meta name=\"twitter:data1\" content=\"2 minutes\" \/>\n<script type=\"application\/ld+json\" class=\"yoast-schema-graph\">{\"@context\":\"https:\/\/schema.org\",\"@graph\":[{\"@type\":\"WebPage\",\"@id\":\"https:\/\/biocirculo.com\/contactenos\/\",\"url\":\"https:\/\/biocirculo.com\/contactenos\/\",\"name\":\"Cont\u00e1ctenos - Biocirculo\",\"isPartOf\":{\"@id\":\"https:\/\/biocirculo.com\/en\/#website\"},\"primaryImageOfPage\":{\"@id\":\"https:\/\/biocirculo.com\/contactenos\/#primaryimage\"},\"image\":{\"@id\":\"https:\/\/biocirculo.com\/contactenos\/#primaryimage\"},\"thumbnailUrl\":\"https:\/\/biocirculo.com\/wp-content\/uploads\/2024\/06\/30-scaled-e1718107052599-1024x1024.jpg\",\"datePublished\":\"2024-05-27T18:29:56+00:00\",\"dateModified\":\"2026-01-19T20:57:01+00:00\",\"breadcrumb\":{\"@id\":\"https:\/\/biocirculo.com\/contactenos\/#breadcrumb\"},\"inLanguage\":\"en-US\",\"potentialAction\":[{\"@type\":\"ReadAction\",\"target\":[\"https:\/\/biocirculo.com\/contactenos\/\"]}]},{\"@type\":\"ImageObject\",\"inLanguage\":\"en-US\",\"@id\":\"https:\/\/biocirculo.com\/contactenos\/#primaryimage\",\"url\":\"https:\/\/biocirculo.com\/wp-content\/uploads\/2024\/06\/30-scaled-e1718107052599-1024x1024.jpg\",\"contentUrl\":\"https:\/\/biocirculo.com\/wp-content\/uploads\/2024\/06\/30-scaled-e1718107052599-1024x1024.jpg\"},{\"@type\":\"BreadcrumbList\",\"@id\":\"https:\/\/biocirculo.com\/contactenos\/#breadcrumb\",\"itemListElement\":[{\"@type\":\"ListItem\",\"position\":1,\"name\":\"Portada\",\"item\":\"https:\/\/biocirculo.com\/\"},{\"@type\":\"ListItem\",\"position\":2,\"name\":\"Cont\u00e1ctenos\"}]},{\"@type\":\"WebSite\",\"@id\":\"https:\/\/biocirculo.com\/en\/#website\",\"url\":\"https:\/\/biocirculo.com\/en\/\",\"name\":\"Biocirculo\",\"description\":\"descripci\u00f3n empresa de reciclaje\",\"publisher\":{\"@id\":\"https:\/\/biocirculo.com\/en\/#organization\"},\"potentialAction\":[{\"@type\":\"SearchAction\",\"target\":{\"@type\":\"EntryPoint\",\"urlTemplate\":\"https:\/\/biocirculo.com\/en\/?s={search_term_string}\"},\"query-input\":{\"@type\":\"PropertyValueSpecification\",\"valueRequired\":true,\"valueName\":\"search_term_string\"}}],\"inLanguage\":\"en-US\"},{\"@type\":\"Organization\",\"@id\":\"https:\/\/biocirculo.com\/en\/#organization\",\"name\":\"Biocirculo\",\"url\":\"https:\/\/biocirculo.com\/en\/\",\"logo\":{\"@type\":\"ImageObject\",\"inLanguage\":\"en-US\",\"@id\":\"https:\/\/biocirculo.com\/en\/#\/schema\/logo\/image\/\",\"url\":\"https:\/\/biocirculo.com\/wp-content\/uploads\/2024\/05\/Logo-Biocirculo-ok.svg\",\"contentUrl\":\"https:\/\/biocirculo.com\/wp-content\/uploads\/2024\/05\/Logo-Biocirculo-ok.svg\",\"width\":476.80000000000001136868377216160297393798828125,\"height\":121.5,\"caption\":\"Biocirculo\"},\"image\":{\"@id\":\"https:\/\/biocirculo.com\/en\/#\/schema\/logo\/image\/\"},\"sameAs\":[\"https:\/\/www.facebook.com\/biocirculo\",\"https:\/\/www.instagram.com\/comunidad_biocirculo\/?hl=es\"]}]}<\/script>\n<!-- \/ Yoast SEO plugin. -->","yoast_head_json":{"title":"Cont\u00e1ctenos - Biocirculo","robots":{"index":"index","follow":"follow","max-snippet":"max-snippet:-1","max-image-preview":"max-image-preview:large","max-video-preview":"max-video-preview:-1"},"canonical":"https:\/\/biocirculo.com\/en\/contactenos\/","og_locale":"en_US","og_type":"article","og_title":"Cont\u00e1ctenos - Biocirculo","og_description":"Cont\u00e1ctanos Tel\u00e9fono: (+57) 317 431 43 44Email: contacto@biocirculo.comDirecci\u00f3n: Diagonal 16 # 115 &#8211; 25 Bogot\u00e1, Colombia Compra de PEAD, PP y PET (bodegas):\u00a0materiasprimas@biocirculo.com(+57) 316 521 75 77 \u00c1rea comercial:\u00a0comercial@biocirculo.com(+57) 318 813 28 17 Sostenibilidad: analista.sostenibilidad@biocirculo.com(+57) 317 431 43 44 Talento humano:\u00a0talentohumano@biocirculo.com(+57) 315 279 91 45 Haz clic aqu\u00ed","og_url":"https:\/\/biocirculo.com\/en\/contactenos\/","og_site_name":"Biocirculo","article_publisher":"https:\/\/www.facebook.com\/biocirculo","article_modified_time":"2026-01-19T20:57:01+00:00","og_image":[{"width":1706,"height":1706,"url":"https:\/\/biocirculo.com\/wp-content\/uploads\/2024\/06\/30-scaled-e1718107052599.jpg","type":"image\/jpeg"}],"twitter_card":"summary_large_image","twitter_misc":{"Est. reading time":"2 minutes"},"schema":{"@context":"https:\/\/schema.org","@graph":[{"@type":"WebPage","@id":"https:\/\/biocirculo.com\/contactenos\/","url":"https:\/\/biocirculo.com\/contactenos\/","name":"Cont\u00e1ctenos - Biocirculo","isPartOf":{"@id":"https:\/\/biocirculo.com\/en\/#website"},"primaryImageOfPage":{"@id":"https:\/\/biocirculo.com\/contactenos\/#primaryimage"},"image":{"@id":"https:\/\/biocirculo.com\/contactenos\/#primaryimage"},"thumbnailUrl":"https:\/\/biocirculo.com\/wp-content\/uploads\/2024\/06\/30-scaled-e1718107052599-1024x1024.jpg","datePublished":"2024-05-27T18:29:56+00:00","dateModified":"2026-01-19T20:57:01+00:00","breadcrumb":{"@id":"https:\/\/biocirculo.com\/contactenos\/#breadcrumb"},"inLanguage":"en-US","potentialAction":[{"@type":"ReadAction","target":["https:\/\/biocirculo.com\/contactenos\/"]}]},{"@type":"ImageObject","inLanguage":"en-US","@id":"https:\/\/biocirculo.com\/contactenos\/#primaryimage","url":"https:\/\/biocirculo.com\/wp-content\/uploads\/2024\/06\/30-scaled-e1718107052599-1024x1024.jpg","contentUrl":"https:\/\/biocirculo.com\/wp-content\/uploads\/2024\/06\/30-scaled-e1718107052599-1024x1024.jpg"},{"@type":"BreadcrumbList","@id":"https:\/\/biocirculo.com\/contactenos\/#breadcrumb","itemListElement":[{"@type":"ListItem","position":1,"name":"Portada","item":"https:\/\/biocirculo.com\/"},{"@type":"ListItem","position":2,"name":"Cont\u00e1ctenos"}]},{"@type":"WebSite","@id":"https:\/\/biocirculo.com\/en\/#website","url":"https:\/\/biocirculo.com\/en\/","name":"Biocirculo","description":"descripci\u00f3n empresa de reciclaje","publisher":{"@id":"https:\/\/biocirculo.com\/en\/#organization"},"potentialAction":[{"@type":"SearchAction","target":{"@type":"EntryPoint","urlTemplate":"https:\/\/biocirculo.com\/en\/?s={search_term_string}"},"query-input":{"@type":"PropertyValueSpecification","valueRequired":true,"valueName":"search_term_string"}}],"inLanguage":"en-US"},{"@type":"Organization","@id":"https:\/\/biocirculo.com\/en\/#organization","name":"Biocirculo","url":"https:\/\/biocirculo.com\/en\/","logo":{"@type":"ImageObject","inLanguage":"en-US","@id":"https:\/\/biocirculo.com\/en\/#\/schema\/logo\/image\/","url":"https:\/\/biocirculo.com\/wp-content\/uploads\/2024\/05\/Logo-Biocirculo-ok.svg","contentUrl":"https:\/\/biocirculo.com\/wp-content\/uploads\/2024\/05\/Logo-Biocirculo-ok.svg","width":476.80000000000001136868377216160297393798828125,"height":121.5,"caption":"Biocirculo"},"image":{"@id":"https:\/\/biocirculo.com\/en\/#\/schema\/logo\/image\/"},"sameAs":["https:\/\/www.facebook.com\/biocirculo","https:\/\/www.instagram.com\/comunidad_biocirculo\/?hl=es"]}]}},"_links":{"self":[{"href":"https:\/\/biocirculo.com\/en\/wp-json\/wp\/v2\/pages\/574","targetHints":{"allow":["GET"]}}],"collection":[{"href":"https:\/\/biocirculo.com\/en\/wp-json\/wp\/v2\/pages"}],"about":[{"href":"https:\/\/biocirculo.com\/en\/wp-json\/wp\/v2\/types\/page"}],"author":[{"embeddable":true,"href":"https:\/\/biocirculo.com\/en\/wp-json\/wp\/v2\/users\/1"}],"replies":[{"embeddable":true,"href":"https:\/\/biocirculo.com\/en\/wp-json\/wp\/v2\/comments?post=574"}],"version-history":[{"count":0,"href":"https:\/\/biocirculo.com\/en\/wp-json\/wp\/v2\/pages\/574\/revisions"}],"wp:attachment":[{"href":"https:\/\/biocirculo.com\/en\/wp-json\/wp\/v2\/media?parent=574"}],"curies":[{"name":"wp","href":"https:\/\/api.w.org\/{rel}","templated":true}]}}