{"id":1080,"date":"2024-06-12T04:19:21","date_gmt":"2024-06-12T04:19:21","guid":{"rendered":"https:\/\/2biocirculo2024.inkrementaldev.co\/?post_type=product&#038;p=1080"},"modified":"2026-01-19T14:59:19","modified_gmt":"2026-01-19T19:59:19","slug":"pellet-pead-multicolor","status":"publish","type":"product","link":"https:\/\/biocirculo.com\/en\/product\/pellet-pead-multicolor\/","title":{"rendered":"P\u00e9let PEAD multicolor"},"content":{"rendered":"<p>Melt Flow Index \u2013 MFI (g\/10min) <strong>0.30 \u2013 0.55<\/strong><\/p>\n<p>Bulk density (kg\/m\u00b3) <strong>570 \u2013 590<\/strong><\/p>\n<p>Resting moisture (%) <strong>&lt; 0.5<\/strong><\/p>\n<p>PP content (%) <strong>&lt; 5.0<\/strong><\/p>\n<p>Metal content (%) <strong>0 (ausente)<\/strong><\/p>\n<p>Content of foreign particles or elements (%) <strong>0 (ausente)<\/strong><\/p>\n<p>Pellet size (mm) <strong>&lt; 6.0<\/strong><\/p>","protected":false},"excerpt":{"rendered":"<p>\u00cdndice de fluidez \u2013 MFI (gr\/10min) 0.30 \u2013 0.55 Densidad de empaque (kg\/m\u00b3) 570 \u2013 590 Humedad en reposo (%) &lt; 0.5 Contenido de PP (%) &lt; 5.0 Contenido de metales (%) 0 (ausente) Contenido part\u00edculas o elementos extra\u00f1os (%) 0 (ausente) Tama\u00f1o del pellet (mm) &lt; 6.0<\/p>","protected":false},"featured_media":1087,"comment_status":"open","ping_status":"closed","template":"","meta":{"_monsterinsights_skip_tracking":false,"_monsterinsights_sitenote_active":false,"_monsterinsights_sitenote_note":"","_monsterinsights_sitenote_category":0,"_uf_show_specific_survey":0,"_uf_disable_surveys":false},"product_brand":[],"product_cat":[33,31],"product_tag":[103,100,104,92,102,94],"class_list":{"0":"post-1080","1":"product","2":"type-product","3":"status-publish","4":"has-post-thumbnail","6":"product_cat-destacado","7":"product_cat-pead-y-pp-grado-soplado","8":"product_tag-inyeccion","9":"product_tag-multicolor","10":"product_tag-pead","11":"product_tag-reciclado","12":"product_tag-soplado","13":"product_tag-sostenibilidad","15":"first","16":"instock","17":"shipping-taxable","18":"product-type-simple"},"yoast_head":"<!-- This site is optimized with the Yoast SEO plugin v27.2 - https:\/\/yoast.com\/product\/yoast-seo-wordpress\/ -->\n<title>P\u00e9let PEAD multicolor - Biocirculo<\/title>\n<meta name=\"robots\" content=\"index, follow, max-snippet:-1, max-image-preview:large, max-video-preview:-1\" \/>\n<link rel=\"canonical\" href=\"https:\/\/biocirculo.com\/en\/product\/pellet-pead-multicolor\/\" \/>\n<meta property=\"og:locale\" content=\"en_US\" \/>\n<meta property=\"og:type\" content=\"article\" \/>\n<meta property=\"og:title\" content=\"P\u00e9let PEAD multicolor - Biocirculo\" \/>\n<meta property=\"og:description\" content=\"\u00cdndice de fluidez \u2013 MFI (gr\/10min) 0.30 \u2013 0.55 Densidad de empaque (kg\/m\u00b3) 570 \u2013 590 Humedad en reposo (%) &lt; 0.5 Contenido de PP (%) &lt; 5.0 Contenido de metales (%) 0 (ausente) Contenido part\u00edculas o elementos extra\u00f1os (%) 0 (ausente) Tama\u00f1o del pellet (mm) &lt; 6.0\" \/>\n<meta property=\"og:url\" content=\"https:\/\/biocirculo.com\/en\/product\/pellet-pead-multicolor\/\" \/>\n<meta property=\"og:site_name\" content=\"Biocirculo\" \/>\n<meta property=\"article:publisher\" content=\"https:\/\/www.facebook.com\/biocirculo\" \/>\n<meta property=\"article:modified_time\" content=\"2026-01-19T19:59:19+00:00\" \/>\n<meta property=\"og:image\" content=\"https:\/\/biocirculo.com\/wp-content\/uploads\/2024\/06\/pr11-scaled-e1718165928714.jpg\" \/>\n\t<meta property=\"og:image:width\" content=\"1954\" \/>\n\t<meta property=\"og:image:height\" content=\"1954\" \/>\n\t<meta property=\"og:image:type\" content=\"image\/jpeg\" \/>\n<meta name=\"twitter:card\" content=\"summary_large_image\" \/>\n<meta name=\"twitter:label1\" content=\"Est. reading time\" \/>\n\t<meta name=\"twitter:data1\" content=\"1 minute\" \/>\n<script type=\"application\/ld+json\" class=\"yoast-schema-graph\">{\"@context\":\"https:\/\/schema.org\",\"@graph\":[{\"@type\":\"WebPage\",\"@id\":\"https:\/\/biocirculo.com\/producto\/pellet-pead-multicolor\/\",\"url\":\"https:\/\/biocirculo.com\/producto\/pellet-pead-multicolor\/\",\"name\":\"P\u00e9let PEAD multicolor - Biocirculo\",\"isPartOf\":{\"@id\":\"https:\/\/biocirculo.com\/en\/#website\"},\"primaryImageOfPage\":{\"@id\":\"https:\/\/biocirculo.com\/producto\/pellet-pead-multicolor\/#primaryimage\"},\"image\":{\"@id\":\"https:\/\/biocirculo.com\/producto\/pellet-pead-multicolor\/#primaryimage\"},\"thumbnailUrl\":\"https:\/\/biocirculo.com\/wp-content\/uploads\/2024\/06\/pr11-scaled-e1718165928714.jpg\",\"datePublished\":\"2024-06-12T04:19:21+00:00\",\"dateModified\":\"2026-01-19T19:59:19+00:00\",\"breadcrumb\":{\"@id\":\"https:\/\/biocirculo.com\/producto\/pellet-pead-multicolor\/#breadcrumb\"},\"inLanguage\":\"en-US\",\"potentialAction\":[{\"@type\":\"ReadAction\",\"target\":[\"https:\/\/biocirculo.com\/producto\/pellet-pead-multicolor\/\"]}]},{\"@type\":\"ImageObject\",\"inLanguage\":\"en-US\",\"@id\":\"https:\/\/biocirculo.com\/producto\/pellet-pead-multicolor\/#primaryimage\",\"url\":\"https:\/\/biocirculo.com\/wp-content\/uploads\/2024\/06\/pr11-scaled-e1718165928714.jpg\",\"contentUrl\":\"https:\/\/biocirculo.com\/wp-content\/uploads\/2024\/06\/pr11-scaled-e1718165928714.jpg\",\"width\":1954,\"height\":1954},{\"@type\":\"BreadcrumbList\",\"@id\":\"https:\/\/biocirculo.com\/producto\/pellet-pead-multicolor\/#breadcrumb\",\"itemListElement\":[{\"@type\":\"ListItem\",\"position\":1,\"name\":\"Portada\",\"item\":\"https:\/\/biocirculo.com\/\"},{\"@type\":\"ListItem\",\"position\":2,\"name\":\"Tienda\",\"item\":\"https:\/\/biocirculo.com\/tienda\/\"},{\"@type\":\"ListItem\",\"position\":3,\"name\":\"P\u00e9let PEAD multicolor\"}]},{\"@type\":\"WebSite\",\"@id\":\"https:\/\/biocirculo.com\/en\/#website\",\"url\":\"https:\/\/biocirculo.com\/en\/\",\"name\":\"Biocirculo\",\"description\":\"descripci\u00f3n empresa de reciclaje\",\"publisher\":{\"@id\":\"https:\/\/biocirculo.com\/en\/#organization\"},\"potentialAction\":[{\"@type\":\"SearchAction\",\"target\":{\"@type\":\"EntryPoint\",\"urlTemplate\":\"https:\/\/biocirculo.com\/en\/?s={search_term_string}\"},\"query-input\":{\"@type\":\"PropertyValueSpecification\",\"valueRequired\":true,\"valueName\":\"search_term_string\"}}],\"inLanguage\":\"en-US\"},{\"@type\":\"Organization\",\"@id\":\"https:\/\/biocirculo.com\/en\/#organization\",\"name\":\"Biocirculo\",\"url\":\"https:\/\/biocirculo.com\/en\/\",\"logo\":{\"@type\":\"ImageObject\",\"inLanguage\":\"en-US\",\"@id\":\"https:\/\/biocirculo.com\/en\/#\/schema\/logo\/image\/\",\"url\":\"https:\/\/biocirculo.com\/wp-content\/uploads\/2024\/05\/Logo-Biocirculo-ok.svg\",\"contentUrl\":\"https:\/\/biocirculo.com\/wp-content\/uploads\/2024\/05\/Logo-Biocirculo-ok.svg\",\"width\":476.80000000000001136868377216160297393798828125,\"height\":121.5,\"caption\":\"Biocirculo\"},\"image\":{\"@id\":\"https:\/\/biocirculo.com\/en\/#\/schema\/logo\/image\/\"},\"sameAs\":[\"https:\/\/www.facebook.com\/biocirculo\",\"https:\/\/www.instagram.com\/comunidad_biocirculo\/?hl=es\"]}]}<\/script>\n<!-- \/ Yoast SEO plugin. -->","yoast_head_json":{"title":"P\u00e9let PEAD multicolor - Biocirculo","robots":{"index":"index","follow":"follow","max-snippet":"max-snippet:-1","max-image-preview":"max-image-preview:large","max-video-preview":"max-video-preview:-1"},"canonical":"https:\/\/biocirculo.com\/en\/product\/pellet-pead-multicolor\/","og_locale":"en_US","og_type":"article","og_title":"P\u00e9let PEAD multicolor - Biocirculo","og_description":"\u00cdndice de fluidez \u2013 MFI (gr\/10min) 0.30 \u2013 0.55 Densidad de empaque (kg\/m\u00b3) 570 \u2013 590 Humedad en reposo (%) &lt; 0.5 Contenido de PP (%) &lt; 5.0 Contenido de metales (%) 0 (ausente) Contenido part\u00edculas o elementos extra\u00f1os (%) 0 (ausente) Tama\u00f1o del pellet (mm) &lt; 6.0","og_url":"https:\/\/biocirculo.com\/en\/product\/pellet-pead-multicolor\/","og_site_name":"Biocirculo","article_publisher":"https:\/\/www.facebook.com\/biocirculo","article_modified_time":"2026-01-19T19:59:19+00:00","og_image":[{"width":1954,"height":1954,"url":"https:\/\/biocirculo.com\/wp-content\/uploads\/2024\/06\/pr11-scaled-e1718165928714.jpg","type":"image\/jpeg"}],"twitter_card":"summary_large_image","twitter_misc":{"Est. reading time":"1 minute"},"schema":{"@context":"https:\/\/schema.org","@graph":[{"@type":"WebPage","@id":"https:\/\/biocirculo.com\/producto\/pellet-pead-multicolor\/","url":"https:\/\/biocirculo.com\/producto\/pellet-pead-multicolor\/","name":"P\u00e9let PEAD multicolor - Biocirculo","isPartOf":{"@id":"https:\/\/biocirculo.com\/en\/#website"},"primaryImageOfPage":{"@id":"https:\/\/biocirculo.com\/producto\/pellet-pead-multicolor\/#primaryimage"},"image":{"@id":"https:\/\/biocirculo.com\/producto\/pellet-pead-multicolor\/#primaryimage"},"thumbnailUrl":"https:\/\/biocirculo.com\/wp-content\/uploads\/2024\/06\/pr11-scaled-e1718165928714.jpg","datePublished":"2024-06-12T04:19:21+00:00","dateModified":"2026-01-19T19:59:19+00:00","breadcrumb":{"@id":"https:\/\/biocirculo.com\/producto\/pellet-pead-multicolor\/#breadcrumb"},"inLanguage":"en-US","potentialAction":[{"@type":"ReadAction","target":["https:\/\/biocirculo.com\/producto\/pellet-pead-multicolor\/"]}]},{"@type":"ImageObject","inLanguage":"en-US","@id":"https:\/\/biocirculo.com\/producto\/pellet-pead-multicolor\/#primaryimage","url":"https:\/\/biocirculo.com\/wp-content\/uploads\/2024\/06\/pr11-scaled-e1718165928714.jpg","contentUrl":"https:\/\/biocirculo.com\/wp-content\/uploads\/2024\/06\/pr11-scaled-e1718165928714.jpg","width":1954,"height":1954},{"@type":"BreadcrumbList","@id":"https:\/\/biocirculo.com\/producto\/pellet-pead-multicolor\/#breadcrumb","itemListElement":[{"@type":"ListItem","position":1,"name":"Portada","item":"https:\/\/biocirculo.com\/"},{"@type":"ListItem","position":2,"name":"Tienda","item":"https:\/\/biocirculo.com\/tienda\/"},{"@type":"ListItem","position":3,"name":"P\u00e9let PEAD multicolor"}]},{"@type":"WebSite","@id":"https:\/\/biocirculo.com\/en\/#website","url":"https:\/\/biocirculo.com\/en\/","name":"Biocirculo","description":"descripci\u00f3n empresa de reciclaje","publisher":{"@id":"https:\/\/biocirculo.com\/en\/#organization"},"potentialAction":[{"@type":"SearchAction","target":{"@type":"EntryPoint","urlTemplate":"https:\/\/biocirculo.com\/en\/?s={search_term_string}"},"query-input":{"@type":"PropertyValueSpecification","valueRequired":true,"valueName":"search_term_string"}}],"inLanguage":"en-US"},{"@type":"Organization","@id":"https:\/\/biocirculo.com\/en\/#organization","name":"Biocirculo","url":"https:\/\/biocirculo.com\/en\/","logo":{"@type":"ImageObject","inLanguage":"en-US","@id":"https:\/\/biocirculo.com\/en\/#\/schema\/logo\/image\/","url":"https:\/\/biocirculo.com\/wp-content\/uploads\/2024\/05\/Logo-Biocirculo-ok.svg","contentUrl":"https:\/\/biocirculo.com\/wp-content\/uploads\/2024\/05\/Logo-Biocirculo-ok.svg","width":476.80000000000001136868377216160297393798828125,"height":121.5,"caption":"Biocirculo"},"image":{"@id":"https:\/\/biocirculo.com\/en\/#\/schema\/logo\/image\/"},"sameAs":["https:\/\/www.facebook.com\/biocirculo","https:\/\/www.instagram.com\/comunidad_biocirculo\/?hl=es"]}]}},"_links":{"self":[{"href":"https:\/\/biocirculo.com\/en\/wp-json\/wp\/v2\/product\/1080","targetHints":{"allow":["GET"]}}],"collection":[{"href":"https:\/\/biocirculo.com\/en\/wp-json\/wp\/v2\/product"}],"about":[{"href":"https:\/\/biocirculo.com\/en\/wp-json\/wp\/v2\/types\/product"}],"replies":[{"embeddable":true,"href":"https:\/\/biocirculo.com\/en\/wp-json\/wp\/v2\/comments?post=1080"}],"wp:featuredmedia":[{"embeddable":true,"href":"https:\/\/biocirculo.com\/en\/wp-json\/wp\/v2\/media\/1087"}],"wp:attachment":[{"href":"https:\/\/biocirculo.com\/en\/wp-json\/wp\/v2\/media?parent=1080"}],"wp:term":[{"taxonomy":"product_brand","embeddable":true,"href":"https:\/\/biocirculo.com\/en\/wp-json\/wp\/v2\/product_brand?post=1080"},{"taxonomy":"product_cat","embeddable":true,"href":"https:\/\/biocirculo.com\/en\/wp-json\/wp\/v2\/product_cat?post=1080"},{"taxonomy":"product_tag","embeddable":true,"href":"https:\/\/biocirculo.com\/en\/wp-json\/wp\/v2\/product_tag?post=1080"}],"curies":[{"name":"wp","href":"https:\/\/api.w.org\/{rel}","templated":true}]}}