{"id":2030,"date":"2025-07-07T08:31:54","date_gmt":"2025-07-07T13:31:54","guid":{"rendered":"https:\/\/biocirculo.com\/?post_type=product&#038;p=2030"},"modified":"2026-01-19T15:57:59","modified_gmt":"2026-01-19T20:57:59","slug":"bloque-ps-densificado-gris","status":"publish","type":"product","link":"https:\/\/biocirculo.com\/en\/product\/bloque-ps-densificado-gris\/","title":{"rendered":"PS brick densified"},"content":{"rendered":"<p>Melt Flow Index \u2013 MFI (g\/10min) <strong>8 &#8211; 14<\/strong><\/p>\n<p>Resting moisture (%) <strong>&lt; 1.0<\/strong><\/p>\n<p>Color <strong>Grey<\/strong><\/p>","protected":false},"excerpt":{"rendered":"<p>\u00cdndice de fluidez \u2013 MFI (gr\/10min) 8 &#8211; 14 Humedad en reposo (%) &lt; 1.0 Color Gris<\/p>","protected":false},"featured_media":2031,"comment_status":"open","ping_status":"closed","template":"","meta":{"_monsterinsights_skip_tracking":false,"_monsterinsights_sitenote_active":false,"_monsterinsights_sitenote_note":"","_monsterinsights_sitenote_category":0,"_uf_show_specific_survey":0,"_uf_disable_surveys":false},"product_brand":[],"product_cat":[33,80],"product_tag":[98,97,92,94],"class_list":{"0":"post-2030","1":"product","2":"type-product","3":"status-publish","4":"has-post-thumbnail","6":"product_cat-destacado","7":"product_cat-ps","8":"product_tag-icopor","9":"product_tag-ps","10":"product_tag-reciclado","11":"product_tag-sostenibilidad","13":"first","14":"instock","15":"shipping-taxable","16":"product-type-simple"},"yoast_head":"<!-- This site is optimized with the Yoast SEO plugin v27.2 - https:\/\/yoast.com\/product\/yoast-seo-wordpress\/ -->\n<title>Bloque PS densificado - Biocirculo<\/title>\n<meta name=\"description\" content=\"Poliestireno densificado a partir de poliestireno expandido (icopor) con capacidad de reintegrarse en procesos de expansi\u00f3n, extrusi\u00f3n e inyecci\u00f3n.\" \/>\n<meta name=\"robots\" content=\"index, follow, max-snippet:-1, max-image-preview:large, max-video-preview:-1\" \/>\n<link rel=\"canonical\" href=\"https:\/\/biocirculo.com\/en\/product\/bloque-ps-densificado-gris\/\" \/>\n<meta property=\"og:locale\" content=\"en_US\" \/>\n<meta property=\"og:type\" content=\"article\" \/>\n<meta property=\"og:title\" content=\"Bloque PS densificado - Biocirculo\" \/>\n<meta property=\"og:description\" content=\"Poliestireno densificado a partir de poliestireno expandido (icopor) con capacidad de reintegrarse en procesos de expansi\u00f3n, extrusi\u00f3n e inyecci\u00f3n.\" \/>\n<meta property=\"og:url\" content=\"https:\/\/biocirculo.com\/en\/product\/bloque-ps-densificado-gris\/\" \/>\n<meta property=\"og:site_name\" content=\"Biocirculo\" \/>\n<meta property=\"article:publisher\" content=\"https:\/\/www.facebook.com\/biocirculo\" \/>\n<meta property=\"article:modified_time\" content=\"2026-01-19T20:57:59+00:00\" \/>\n<meta property=\"og:image\" content=\"https:\/\/biocirculo.com\/wp-content\/uploads\/2025\/07\/Proyecto-PS-7-scaled-e1753303065205.png\" \/>\n\t<meta property=\"og:image:width\" content=\"1720\" \/>\n\t<meta property=\"og:image:height\" content=\"1720\" \/>\n\t<meta property=\"og:image:type\" content=\"image\/png\" \/>\n<meta name=\"twitter:card\" content=\"summary_large_image\" \/>\n<meta name=\"twitter:label1\" content=\"Est. reading time\" \/>\n\t<meta name=\"twitter:data1\" content=\"1 minute\" \/>\n<script type=\"application\/ld+json\" class=\"yoast-schema-graph\">{\"@context\":\"https:\/\/schema.org\",\"@graph\":[{\"@type\":\"WebPage\",\"@id\":\"https:\/\/biocirculo.com\/producto\/bloque-ps-densificado-gris\/\",\"url\":\"https:\/\/biocirculo.com\/producto\/bloque-ps-densificado-gris\/\",\"name\":\"Bloque PS densificado - Biocirculo\",\"isPartOf\":{\"@id\":\"https:\/\/biocirculo.com\/en\/#website\"},\"primaryImageOfPage\":{\"@id\":\"https:\/\/biocirculo.com\/producto\/bloque-ps-densificado-gris\/#primaryimage\"},\"image\":{\"@id\":\"https:\/\/biocirculo.com\/producto\/bloque-ps-densificado-gris\/#primaryimage\"},\"thumbnailUrl\":\"https:\/\/biocirculo.com\/wp-content\/uploads\/2025\/07\/Proyecto-PS-7-scaled-e1753303065205.png\",\"datePublished\":\"2025-07-07T13:31:54+00:00\",\"dateModified\":\"2026-01-19T20:57:59+00:00\",\"description\":\"Poliestireno densificado a partir de poliestireno expandido (icopor) con capacidad de reintegrarse en procesos de expansi\u00f3n, extrusi\u00f3n e inyecci\u00f3n.\",\"breadcrumb\":{\"@id\":\"https:\/\/biocirculo.com\/producto\/bloque-ps-densificado-gris\/#breadcrumb\"},\"inLanguage\":\"en-US\",\"potentialAction\":[{\"@type\":\"ReadAction\",\"target\":[\"https:\/\/biocirculo.com\/producto\/bloque-ps-densificado-gris\/\"]}]},{\"@type\":\"ImageObject\",\"inLanguage\":\"en-US\",\"@id\":\"https:\/\/biocirculo.com\/producto\/bloque-ps-densificado-gris\/#primaryimage\",\"url\":\"https:\/\/biocirculo.com\/wp-content\/uploads\/2025\/07\/Proyecto-PS-7-scaled-e1753303065205.png\",\"contentUrl\":\"https:\/\/biocirculo.com\/wp-content\/uploads\/2025\/07\/Proyecto-PS-7-scaled-e1753303065205.png\",\"width\":1720,\"height\":1720},{\"@type\":\"BreadcrumbList\",\"@id\":\"https:\/\/biocirculo.com\/producto\/bloque-ps-densificado-gris\/#breadcrumb\",\"itemListElement\":[{\"@type\":\"ListItem\",\"position\":1,\"name\":\"Portada\",\"item\":\"https:\/\/biocirculo.com\/\"},{\"@type\":\"ListItem\",\"position\":2,\"name\":\"Tienda\",\"item\":\"https:\/\/biocirculo.com\/tienda\/\"},{\"@type\":\"ListItem\",\"position\":3,\"name\":\"Bloque PS densificado\"}]},{\"@type\":\"WebSite\",\"@id\":\"https:\/\/biocirculo.com\/en\/#website\",\"url\":\"https:\/\/biocirculo.com\/en\/\",\"name\":\"Biocirculo\",\"description\":\"descripci\u00f3n empresa de reciclaje\",\"publisher\":{\"@id\":\"https:\/\/biocirculo.com\/en\/#organization\"},\"potentialAction\":[{\"@type\":\"SearchAction\",\"target\":{\"@type\":\"EntryPoint\",\"urlTemplate\":\"https:\/\/biocirculo.com\/en\/?s={search_term_string}\"},\"query-input\":{\"@type\":\"PropertyValueSpecification\",\"valueRequired\":true,\"valueName\":\"search_term_string\"}}],\"inLanguage\":\"en-US\"},{\"@type\":\"Organization\",\"@id\":\"https:\/\/biocirculo.com\/en\/#organization\",\"name\":\"Biocirculo\",\"url\":\"https:\/\/biocirculo.com\/en\/\",\"logo\":{\"@type\":\"ImageObject\",\"inLanguage\":\"en-US\",\"@id\":\"https:\/\/biocirculo.com\/en\/#\/schema\/logo\/image\/\",\"url\":\"https:\/\/biocirculo.com\/wp-content\/uploads\/2024\/05\/Logo-Biocirculo-ok.svg\",\"contentUrl\":\"https:\/\/biocirculo.com\/wp-content\/uploads\/2024\/05\/Logo-Biocirculo-ok.svg\",\"width\":476.80000000000001136868377216160297393798828125,\"height\":121.5,\"caption\":\"Biocirculo\"},\"image\":{\"@id\":\"https:\/\/biocirculo.com\/en\/#\/schema\/logo\/image\/\"},\"sameAs\":[\"https:\/\/www.facebook.com\/biocirculo\",\"https:\/\/www.instagram.com\/comunidad_biocirculo\/?hl=es\"]}]}<\/script>\n<!-- \/ Yoast SEO plugin. -->","yoast_head_json":{"title":"Bloque PS densificado - Biocirculo","description":"Poliestireno densificado a partir de poliestireno expandido (icopor) con capacidad de reintegrarse en procesos de expansi\u00f3n, extrusi\u00f3n e inyecci\u00f3n.","robots":{"index":"index","follow":"follow","max-snippet":"max-snippet:-1","max-image-preview":"max-image-preview:large","max-video-preview":"max-video-preview:-1"},"canonical":"https:\/\/biocirculo.com\/en\/product\/bloque-ps-densificado-gris\/","og_locale":"en_US","og_type":"article","og_title":"Bloque PS densificado - Biocirculo","og_description":"Poliestireno densificado a partir de poliestireno expandido (icopor) con capacidad de reintegrarse en procesos de expansi\u00f3n, extrusi\u00f3n e inyecci\u00f3n.","og_url":"https:\/\/biocirculo.com\/en\/product\/bloque-ps-densificado-gris\/","og_site_name":"Biocirculo","article_publisher":"https:\/\/www.facebook.com\/biocirculo","article_modified_time":"2026-01-19T20:57:59+00:00","og_image":[{"width":1720,"height":1720,"url":"https:\/\/biocirculo.com\/wp-content\/uploads\/2025\/07\/Proyecto-PS-7-scaled-e1753303065205.png","type":"image\/png"}],"twitter_card":"summary_large_image","twitter_misc":{"Est. reading time":"1 minute"},"schema":{"@context":"https:\/\/schema.org","@graph":[{"@type":"WebPage","@id":"https:\/\/biocirculo.com\/producto\/bloque-ps-densificado-gris\/","url":"https:\/\/biocirculo.com\/producto\/bloque-ps-densificado-gris\/","name":"Bloque PS densificado - Biocirculo","isPartOf":{"@id":"https:\/\/biocirculo.com\/en\/#website"},"primaryImageOfPage":{"@id":"https:\/\/biocirculo.com\/producto\/bloque-ps-densificado-gris\/#primaryimage"},"image":{"@id":"https:\/\/biocirculo.com\/producto\/bloque-ps-densificado-gris\/#primaryimage"},"thumbnailUrl":"https:\/\/biocirculo.com\/wp-content\/uploads\/2025\/07\/Proyecto-PS-7-scaled-e1753303065205.png","datePublished":"2025-07-07T13:31:54+00:00","dateModified":"2026-01-19T20:57:59+00:00","description":"Poliestireno densificado a partir de poliestireno expandido (icopor) con capacidad de reintegrarse en procesos de expansi\u00f3n, extrusi\u00f3n e inyecci\u00f3n.","breadcrumb":{"@id":"https:\/\/biocirculo.com\/producto\/bloque-ps-densificado-gris\/#breadcrumb"},"inLanguage":"en-US","potentialAction":[{"@type":"ReadAction","target":["https:\/\/biocirculo.com\/producto\/bloque-ps-densificado-gris\/"]}]},{"@type":"ImageObject","inLanguage":"en-US","@id":"https:\/\/biocirculo.com\/producto\/bloque-ps-densificado-gris\/#primaryimage","url":"https:\/\/biocirculo.com\/wp-content\/uploads\/2025\/07\/Proyecto-PS-7-scaled-e1753303065205.png","contentUrl":"https:\/\/biocirculo.com\/wp-content\/uploads\/2025\/07\/Proyecto-PS-7-scaled-e1753303065205.png","width":1720,"height":1720},{"@type":"BreadcrumbList","@id":"https:\/\/biocirculo.com\/producto\/bloque-ps-densificado-gris\/#breadcrumb","itemListElement":[{"@type":"ListItem","position":1,"name":"Portada","item":"https:\/\/biocirculo.com\/"},{"@type":"ListItem","position":2,"name":"Tienda","item":"https:\/\/biocirculo.com\/tienda\/"},{"@type":"ListItem","position":3,"name":"Bloque PS densificado"}]},{"@type":"WebSite","@id":"https:\/\/biocirculo.com\/en\/#website","url":"https:\/\/biocirculo.com\/en\/","name":"Biocirculo","description":"descripci\u00f3n empresa de reciclaje","publisher":{"@id":"https:\/\/biocirculo.com\/en\/#organization"},"potentialAction":[{"@type":"SearchAction","target":{"@type":"EntryPoint","urlTemplate":"https:\/\/biocirculo.com\/en\/?s={search_term_string}"},"query-input":{"@type":"PropertyValueSpecification","valueRequired":true,"valueName":"search_term_string"}}],"inLanguage":"en-US"},{"@type":"Organization","@id":"https:\/\/biocirculo.com\/en\/#organization","name":"Biocirculo","url":"https:\/\/biocirculo.com\/en\/","logo":{"@type":"ImageObject","inLanguage":"en-US","@id":"https:\/\/biocirculo.com\/en\/#\/schema\/logo\/image\/","url":"https:\/\/biocirculo.com\/wp-content\/uploads\/2024\/05\/Logo-Biocirculo-ok.svg","contentUrl":"https:\/\/biocirculo.com\/wp-content\/uploads\/2024\/05\/Logo-Biocirculo-ok.svg","width":476.80000000000001136868377216160297393798828125,"height":121.5,"caption":"Biocirculo"},"image":{"@id":"https:\/\/biocirculo.com\/en\/#\/schema\/logo\/image\/"},"sameAs":["https:\/\/www.facebook.com\/biocirculo","https:\/\/www.instagram.com\/comunidad_biocirculo\/?hl=es"]}]}},"_links":{"self":[{"href":"https:\/\/biocirculo.com\/en\/wp-json\/wp\/v2\/product\/2030","targetHints":{"allow":["GET"]}}],"collection":[{"href":"https:\/\/biocirculo.com\/en\/wp-json\/wp\/v2\/product"}],"about":[{"href":"https:\/\/biocirculo.com\/en\/wp-json\/wp\/v2\/types\/product"}],"replies":[{"embeddable":true,"href":"https:\/\/biocirculo.com\/en\/wp-json\/wp\/v2\/comments?post=2030"}],"wp:featuredmedia":[{"embeddable":true,"href":"https:\/\/biocirculo.com\/en\/wp-json\/wp\/v2\/media\/2031"}],"wp:attachment":[{"href":"https:\/\/biocirculo.com\/en\/wp-json\/wp\/v2\/media?parent=2030"}],"wp:term":[{"taxonomy":"product_brand","embeddable":true,"href":"https:\/\/biocirculo.com\/en\/wp-json\/wp\/v2\/product_brand?post=2030"},{"taxonomy":"product_cat","embeddable":true,"href":"https:\/\/biocirculo.com\/en\/wp-json\/wp\/v2\/product_cat?post=2030"},{"taxonomy":"product_tag","embeddable":true,"href":"https:\/\/biocirculo.com\/en\/wp-json\/wp\/v2\/product_tag?post=2030"}],"curies":[{"name":"wp","href":"https:\/\/api.w.org\/{rel}","templated":true}]}}